{"id":91227,"date":"2023-06-12T15:29:57","date_gmt":"2023-06-12T13:29:57","guid":{"rendered":"https:\/\/miranza.es\/?page_id=91227"},"modified":"2025-03-24T20:03:32","modified_gmt":"2025-03-24T19:03:32","slug":"miranza-mallorca-german","status":"publish","type":"page","link":"https:\/\/miranza.es\/en\/miranza-mallorca-german\/","title":{"rendered":"Miranza Mallorca | Augenklinik A"},"content":{"rendered":"\n<div id=\"\" class=\"wp-block-hacce-wrapper py-5 has-white-color\" style=\"background-color:#04192d\"><div class=\"container\">\n<div class=\"wp-block-hacce-wrapper row justify-content-center\">\n<div class=\"wp-block-hacce-wrapper col-lg-12\" style=\"background-color:#04192d\">\n<div class=\"wp-block-columns is-layout-flex wp-container-core-columns-is-layout-9d6595d7 wp-block-columns-is-layout-flex\">\n<div class=\"wp-block-column is-layout-flow wp-block-column-is-layout-flow\">\n<figure class=\"wp-block-image size-large\"><img loading=\"lazy\" decoding=\"async\" width=\"1024\" height=\"683\" src=\"https:\/\/miranza.es\/wp-content\/uploads\/2023\/06\/mallorca-cabecera-1024x683.jpg\" alt=\"\" class=\"wp-image-91232\" srcset=\"https:\/\/miranza.es\/wp-content\/uploads\/2023\/06\/mallorca-cabecera-1024x683.jpg 1024w, https:\/\/miranza.es\/wp-content\/uploads\/2023\/06\/mallorca-cabecera-300x200.jpg 300w, https:\/\/miranza.es\/wp-content\/uploads\/2023\/06\/mallorca-cabecera-768x512.jpg 768w, https:\/\/miranza.es\/wp-content\/uploads\/2023\/06\/mallorca-cabecera.jpg 1440w\" sizes=\"auto, (max-width: 1024px) 100vw, 1024px\" \/><\/figure>\n<\/div>\n\n\n\n<div class=\"wp-block-column is-vertically-aligned-center is-layout-flow wp-block-column-is-layout-flow\">\n<p><strong><strong>Miranza Mallorca | Augenklinik A<\/strong><\/strong><\/p>\n\n\n\n<p>Ein international renommiertes \u00c4rzteteam<\/p>\n\n\n\n<p>Unser Ziel ist es, dass Sie in unserer Klinik die bestm\u00f6gliche Behandlung erhalten. Aus diesem Grund bieten wir internationalen Patienten\/-innen eine mehrsprachige Behandlung, Beratung und Betreuung durch unsere \u00dcbersetzer\/-innen an. Die Kollegen\/-innen der internationalen Abteilung von Miranza Mallorca informieren Sie gerne und beantworten Ihre Fragen zu Augenerkrankungen, Behandlungsm\u00f6glichkeiten und augen\u00e4rztlichen Untersuchungen.<\/p>\n\n\n\n<p class=\"contacto-landing has-text-color\" style=\"color:#73cf91\"><strong><a href=\"#contacto\"><strong>Bitte kontaktieren Sie uns, um mehr zu erfahr<\/strong>en<\/a><\/strong><\/p>\n<\/div>\n<\/div>\n<\/div>\n<\/div>\n<\/div><\/div>\n\n\n\n<div class=\"wp-block-hacce-wrapper py-5\" style=\"background-color:#d8e6df\"><div class=\"container\">\n<div class=\"wp-block-columns is-layout-flex wp-container-core-columns-is-layout-9d6595d7 wp-block-columns-is-layout-flex\">\n<div class=\"wp-block-column is-layout-flow wp-block-column-is-layout-flow\" style=\"flex-basis:100%\">\n<p><strong><strong>Wir arbeiten mit fast allen internationalen Versicherungsgesellschaften zusammen.<\/strong><\/strong><\/p>\n\n\n\n<p>Wenn Sie eine internationale Kranken- oder Reiseversicherung besitzen, wenden Sie sich bitte an Ihre Miranza-Klinik. Wir k\u00fcmmern uns darum, dass Ihre Augenbehandlung abgedeckt ist, ohne dass f\u00fcr Sie zus\u00e4tzliche Kosten entstehen.<\/p>\n\n\n\n<p class=\"has-text-color\" style=\"color:#73cf91\"><strong><a href=\"#contacto\"><strong>Bitte kontaktieren Sie uns, um mehr zu erfahren<\/strong><\/a><\/strong><\/p>\n<\/div>\n<\/div>\n\n\n\n<div class=\"wp-block-columns is-layout-flex wp-container-core-columns-is-layout-9d6595d7 wp-block-columns-is-layout-flex\">\n<div class=\"wp-block-column is-layout-flow wp-block-column-is-layout-flow\">\n<figure class=\"wp-block-image size-full\"><img loading=\"lazy\" decoding=\"async\" width=\"576\" height=\"384\" src=\"https:\/\/miranza.es\/wp-content\/uploads\/2023\/06\/mallorca-3-1.jpg\" alt=\"\" class=\"wp-image-91324\" srcset=\"https:\/\/miranza.es\/wp-content\/uploads\/2023\/06\/mallorca-3-1.jpg 576w, https:\/\/miranza.es\/wp-content\/uploads\/2023\/06\/mallorca-3-1-300x200.jpg 300w\" sizes=\"auto, (max-width: 576px) 100vw, 576px\" \/><\/figure>\n<\/div>\n\n\n\n<div class=\"wp-block-column is-layout-flow wp-block-column-is-layout-flow\">\n<figure class=\"wp-block-image size-full\"><img loading=\"lazy\" decoding=\"async\" width=\"576\" height=\"384\" src=\"https:\/\/miranza.es\/wp-content\/uploads\/2023\/06\/miranza-2-1.jpg\" alt=\"\" class=\"wp-image-91327\" srcset=\"https:\/\/miranza.es\/wp-content\/uploads\/2023\/06\/miranza-2-1.jpg 576w, https:\/\/miranza.es\/wp-content\/uploads\/2023\/06\/miranza-2-1-300x200.jpg 300w\" sizes=\"auto, (max-width: 576px) 100vw, 576px\" \/><\/figure>\n<\/div>\n\n\n\n<div class=\"wp-block-column is-layout-flow wp-block-column-is-layout-flow\">\n<figure class=\"wp-block-image size-full\"><img loading=\"lazy\" decoding=\"async\" width=\"576\" height=\"384\" src=\"https:\/\/miranza.es\/wp-content\/uploads\/2023\/06\/mallorca-4-1.jpg\" alt=\"\" class=\"wp-image-91330\" srcset=\"https:\/\/miranza.es\/wp-content\/uploads\/2023\/06\/mallorca-4-1.jpg 576w, https:\/\/miranza.es\/wp-content\/uploads\/2023\/06\/mallorca-4-1-300x200.jpg 300w\" sizes=\"auto, (max-width: 576px) 100vw, 576px\" \/><\/figure>\n<\/div>\n<\/div>\n\n\n\n<div class=\"wp-block-columns is-layout-flex wp-container-core-columns-is-layout-9d6595d7 wp-block-columns-is-layout-flex\">\n<div class=\"wp-block-column has-background is-layout-flow wp-block-column-is-layout-flow\" style=\"background-color:#04192d;flex-basis:33%\">\n<div class=\"wp-block-hacce-wrapper p-4\" style=\"background-color:#04192d\">\n<p class=\"has-text-color\" style=\"color:#73cf91\"><strong><strong>Die h\u00e4ufigsten Augenerkrankungen, die wir behandeln<\/strong><\/strong><\/p>\n\n\n\n<ul class=\"has-white-color has-text-color wp-block-list\">\n<li>Katarakt (Grauer Star)<\/li>\n\n\n\n<li>Refraktive Chirurgie<\/li>\n\n\n\n<li>\u00c4sthetik<\/li>\n\n\n\n<li>Keratokonus<\/li>\n\n\n\n<li>Netzhautabl\u00f6sung<\/li>\n\n\n\n<li>Diabetische Retinopathie<\/li>\n\n\n\n<li>Glaukom (Gr\u00fcner Star)<\/li>\n<\/ul>\n<\/div>\n<\/div>\n\n\n\n<div class=\"wp-block-column has-background is-layout-flow wp-block-column-is-layout-flow\" style=\"background-color:#04192d;flex-basis:33%\">\n<div class=\"wp-block-hacce-wrapper p-4\" style=\"background-color:#04192d\">\n<p class=\"has-text-color\" style=\"color:#73cf91\"><strong>Augenbehandlungen im Miranza Mallorca<\/strong><\/p>\n\n\n\n<ul class=\"has-white-color has-text-color wp-block-list\">\n<li>Kataraktchirurgie (Grauer-Star-Operation)<\/li>\n\n\n\n<li>Diabetische Retinopathie<\/li>\n\n\n\n<li>Augenlidkorrektur (Blepharoplastik)<\/li>\n\n\n\n<li>Hornhauttransplantation<\/li>\n\n\n\n<li>Vitrektomie<\/li>\n\n\n\n<li>Glaukom-Chirurgie (Gr\u00fcner-Star-Operation)<\/li>\n\n\n\n<li>Kinderchirurgie<\/li>\n\n\n\n<li>Nicht-chirurgische Techniken<\/li>\n<\/ul>\n<\/div>\n<\/div>\n\n\n\n<div class=\"wp-block-column has-background is-layout-flow wp-block-column-is-layout-flow\" style=\"background-color:#04192d;flex-basis:33%\">\n<div class=\"wp-block-hacce-wrapper p-4\" style=\"background-color:#04192d\">\n<p class=\"has-text-color\" style=\"color:#73cf91\"><strong>Kontaktieren Sie uns:<\/strong><\/p>\n\n\n\n<p class=\"contacto-landing has-white-color has-text-color\">Eileen Reich<br><br><a href=\"mailto:eileen.reich@miranza.es\">eileen.reich@miranza.es<\/a><br><br>T. +34 722 832 827<\/p>\n\n\n\n<p class=\"has-text-color\" style=\"color:#73cf91\"><strong>Miranza IBO:<\/strong><\/p>\n\n\n\n<p class=\"has-white-color has-text-color\">T. +34 971 00 31 50<br><\/p>\n\n\n\n<p class=\"has-text-color\" style=\"color:#73cf91\"><strong><strong>Miranza Passeig Mallorca: <\/strong>&nbsp;<\/strong><\/p>\n\n\n\n<p class=\"has-white-color has-text-color\">T. +34 971 915 454<\/p>\n<\/div>\n<\/div>\n<\/div>\n<\/div><\/div>\n\n\n\n<div class=\"wp-block-hacce-wrapper py-5\" style=\"background-color:#04192d\"><div class=\"container\">\n<p class=\"has-text-color\" style=\"color:#73cf91\"><strong>M\u00f6chten Sie, dass wir Sie kontaktieren?<\/strong><\/p>\n\n\n\n<p class=\"has-white-color has-text-color\">Bitte hinterlassen Sie hier Ihre Kontaktdaten und unsere Mitarbeiter\/-innen werden sich so schnell wie m\u00f6glich, mit Ihnen in Verbindung setzen<\/p>\n\n\n\n<div id=\"contacto\" class=\"wp-block-hacce-wrapper p-5\" style=\"background-color:#d8e6df\">\n<div class=\"wpcf7 no-js\" id=\"wpcf7-f91512-o1\" lang=\"es-ES\" dir=\"ltr\" data-wpcf7-id=\"91512\">\n<div class=\"screen-reader-response\"><p role=\"status\" aria-live=\"polite\" aria-atomic=\"true\"><\/p> <ul><\/ul><\/div>\n<form action=\"\/en\/wp-json\/wp\/v2\/pages\/91227#wpcf7-f91512-o1\" method=\"post\" class=\"wpcf7-form init\" aria-label=\"Formulario de contacto\" novalidate=\"novalidate\" data-status=\"init\">\n<fieldset class=\"hidden-fields-container\"><input type=\"hidden\" name=\"_wpcf7\" value=\"91512\" \/><input type=\"hidden\" name=\"_wpcf7_version\" value=\"6.1.5\" \/><input type=\"hidden\" name=\"_wpcf7_locale\" value=\"es_ES\" \/><input type=\"hidden\" name=\"_wpcf7_unit_tag\" value=\"wpcf7-f91512-o1\" \/><input type=\"hidden\" name=\"_wpcf7_container_post\" value=\"0\" \/><input type=\"hidden\" name=\"_wpcf7_posted_data_hash\" value=\"\" \/><input type=\"hidden\" name=\"_wpcf7cf_hidden_group_fields\" value=\"[]\" \/><input type=\"hidden\" name=\"_wpcf7cf_hidden_groups\" value=\"[]\" \/><input type=\"hidden\" name=\"_wpcf7cf_visible_groups\" value=\"[]\" \/><input type=\"hidden\" name=\"_wpcf7cf_repeaters\" value=\"[]\" \/><input type=\"hidden\" name=\"_wpcf7cf_steps\" value=\"{}\" \/><input type=\"hidden\" name=\"_wpcf7cf_options\" value=\"{&quot;form_id&quot;:91512,&quot;conditions&quot;:[],&quot;settings&quot;:{&quot;animation&quot;:&quot;yes&quot;,&quot;animation_intime&quot;:200,&quot;animation_outtime&quot;:200,&quot;conditions_ui&quot;:&quot;normal&quot;,&quot;notice_dismissed&quot;:false,&quot;notice_dismissed_rollback-cf7-5.9.4&quot;:true,&quot;notice_dismissed_rollback-cf7-5.9.6&quot;:true}}\" \/><input type=\"hidden\" name=\"_wpcf7_recaptcha_response\" value=\"\" \/>\n<\/fieldset>\n<p>\t\t<div id=\"cf7md-form\" class=\"cf7md-form\">\n\t\t\t<div class=\"mdc-layout-grid\">\n\t\t\t\t<div class=\"mdc-layout-grid__inner\">\n\t\t\t\t\t\t\t\t\t\t\n<\/p>\n<div class=\"row\">\n\t<div class=\"form-group col-md-6 mb-4\">\n\t\t\t\t\n\t\t<div class=\"cf7md-item cf7md-text mdc-layout-grid__cell mdc-layout-grid__cell--span-12\">\n\t\t\t<br \/>\n<span class=\"wpcf7-form-control-wrap\" data-name=\"nombre\"><input size=\"40\" maxlength=\"400\" class=\"wpcf7-form-control wpcf7-text wpcf7-validates-as-required\" aria-required=\"true\" aria-invalid=\"false\" value=\"\" type=\"text\" name=\"nombre\" \/><\/span><br \/>\n\t\t\t\t\t\t<div style=\"display: none;\" class=\"cf7md-text-html\">\n\t\t\t\t<div class=\"mdc-text-field \">\n\t\t\t\t\t\n\t\t\t\t\t\t\t\t\t\t\t<label class=\"mdc-floating-label\">Name<\/label>\n\t\t\t\t\t\t<div class=\"mdc-line-ripple\"><\/div>\n\t\t\t\t\t\t\t\t\t<\/div>\n\t\t\t<\/div>\n\t\t<\/div>\n\t\t\n\t<\/div>\n\t<div class=\"form-group col-md-6 mb-4\">\n\t\t\t\t\n\t\t<div class=\"cf7md-item cf7md-text mdc-layout-grid__cell mdc-layout-grid__cell--span-12\">\n\t\t\t<br \/>\n<span class=\"wpcf7-form-control-wrap\" data-name=\"apellido1\"><input size=\"40\" maxlength=\"400\" class=\"wpcf7-form-control wpcf7-text wpcf7-validates-as-required\" aria-required=\"true\" aria-invalid=\"false\" value=\"\" type=\"text\" name=\"apellido1\" \/><\/span><br \/>\n\t\t\t\t\t\t<div style=\"display: none;\" class=\"cf7md-text-html\">\n\t\t\t\t<div class=\"mdc-text-field \">\n\t\t\t\t\t\n\t\t\t\t\t\t\t\t\t\t\t<label class=\"mdc-floating-label\">Nachnamen<\/label>\n\t\t\t\t\t\t<div class=\"mdc-line-ripple\"><\/div>\n\t\t\t\t\t\t\t\t\t<\/div>\n\t\t\t<\/div>\n\t\t<\/div>\n\t\t\n\t<\/div>\n\t<div class=\"form-group col-md-9 mb-4\">\n\t\t\t\t\n\t\t<div class=\"cf7md-item cf7md-text mdc-layout-grid__cell mdc-layout-grid__cell--span-12\">\n\t\t\t<br \/>\n<span class=\"wpcf7-form-control-wrap\" data-name=\"email\"><input size=\"40\" maxlength=\"400\" class=\"wpcf7-form-control wpcf7-email wpcf7-validates-as-required wpcf7-text wpcf7-validates-as-email\" aria-required=\"true\" aria-invalid=\"false\" value=\"\" type=\"email\" name=\"email\" \/><\/span><br \/>\n\t\t\t\t\t\t<div style=\"display: none;\" class=\"cf7md-text-html\">\n\t\t\t\t<div class=\"mdc-text-field \">\n\t\t\t\t\t\n\t\t\t\t\t\t\t\t\t\t\t<label class=\"mdc-floating-label\">E-Mail Adresse<\/label>\n\t\t\t\t\t\t<div class=\"mdc-line-ripple\"><\/div>\n\t\t\t\t\t\t\t\t\t<\/div>\n\t\t\t<\/div>\n\t\t<\/div>\n\t\t\n\t<\/div>\n\t<div class=\"form-group col-md-3 mb-4\">\n\t\t\t\t\n\t\t<div class=\"cf7md-item cf7md-text mdc-layout-grid__cell mdc-layout-grid__cell--span-12\">\n\t\t\t<br \/>\n<span class=\"wpcf7-form-control-wrap\" data-name=\"telefono\"><input size=\"40\" maxlength=\"400\" class=\"wpcf7-form-control wpcf7-tel wpcf7-validates-as-required wpcf7-text wpcf7-validates-as-tel\" aria-required=\"true\" aria-invalid=\"false\" value=\"\" type=\"tel\" name=\"telefono\" \/><\/span><br \/>\n\t\t\t\t\t\t<div style=\"display: none;\" class=\"cf7md-text-html\">\n\t\t\t\t<div class=\"mdc-text-field \">\n\t\t\t\t\t\n\t\t\t\t\t\t\t\t\t\t\t<label class=\"mdc-floating-label\">Telefonnummer <\/label>\n\t\t\t\t\t\t<div class=\"mdc-line-ripple\"><\/div>\n\t\t\t\t\t\t\t\t\t<\/div>\n\t\t\t<\/div>\n\t\t<\/div>\n\t\t\n\t<\/div>\n\t<div class=\"form-group col-md-12\">\n\t\t\t\t<div class=\"cf7md-item cf7md-accept cf7md-is-wpcf7v5 mdc-layout-grid__cell mdc-layout-grid__cell--span-12\">\n\t\t\t\t\t\t<br \/>\n<span class=\"wpcf7-form-control-wrap\" data-name=\"aceptacion\"><span class=\"wpcf7-form-control wpcf7-acceptance\"><span class=\"wpcf7-list-item\"><input type=\"checkbox\" name=\"aceptacion\" value=\"1\" aria-invalid=\"false\" \/><\/span><\/span><\/span><br \/>\n\t\t\t<label class=\"cf7md-accept-label\">Ich habe die <a href='\/en\/data-treatment\/' target='_blank'>Datenverarbeitungs- und Datenschutzbestimmungen gelesen und akzeptiere sie<\/a>.<\/label>\n\t\t\t<div style=\"display: none;\" class=\"cf7md-checkbox-html\">\n\t\t\t\t<div class=\"mdc-checkbox__background\">\n\t\t\t\t\t<svg class=\"mdc-checkbox__checkmark\" viewBox=\"0 0 24 24\">\n\t\t\t\t\t\t<path class=\"mdc-checkbox__checkmark-path\" fill=\"none\" d=\"M1.73,12.91 8.1,19.28 22.79,4.59\"\/>\n\t\t\t\t\t<\/svg>\n\t\t\t\t\t<div class=\"mdc-checkbox__mixedmark\"><\/div>\n\t\t\t\t<\/div>\n\t\t\t<\/div>\n\t\t\t\t\t<\/div>\n\t\t\n\t<\/div>\n\t<div class=\"form-group col-md-12\">\n\t\t\t\t<div class=\"cf7md-item cf7md-accept cf7md-is-wpcf7v5 mdc-layout-grid__cell mdc-layout-grid__cell--span-12\">\n\t\t\t\t\t\t<br \/>\n<span class=\"wpcf7-form-control-wrap\" data-name=\"comunicaciones\"><span class=\"wpcf7-form-control wpcf7-acceptance optional\"><span class=\"wpcf7-list-item\"><input type=\"checkbox\" name=\"comunicaciones\" value=\"1\" aria-invalid=\"false\" \/><\/span><\/span><\/span><br \/>\n\t\t\t<label class=\"cf7md-accept-label\">Ich akzeptiere die Zusendung von Mitteilungen \u00fcber Dienstleistungen und Behandlungen, auch kommerzieller oder werblicher Art, in \u00dcbereinstimmung mit meinen Pr\u00e4ferenzen.<\/label>\n\t\t\t<div style=\"display: none;\" class=\"cf7md-checkbox-html\">\n\t\t\t\t<div class=\"mdc-checkbox__background\">\n\t\t\t\t\t<svg class=\"mdc-checkbox__checkmark\" viewBox=\"0 0 24 24\">\n\t\t\t\t\t\t<path class=\"mdc-checkbox__checkmark-path\" fill=\"none\" d=\"M1.73,12.91 8.1,19.28 22.79,4.59\"\/>\n\t\t\t\t\t<\/svg>\n\t\t\t\t\t<div class=\"mdc-checkbox__mixedmark\"><\/div>\n\t\t\t\t<\/div>\n\t\t\t<\/div>\n\t\t\t\t\t<\/div>\n\t\t\n\t<\/div>\n\t<div class=\"form-group col-md-12\">\n\t\t\t\t<div class=\"cf7md-item mdc-layout-grid__cell mdc-layout-grid__cell--span-12\">\n\t\t\t\n<small class=\"text-muted mt-4 d-block\"><sup>*<\/sup> Required fields<\/small><br \/>\n\t\t<\/div>\n\t\t\n\t<\/div>\n\t<div class=\"form-group col-md-12\">\n\t\t\t\t<div class=\"cf7md-item mdc-layout-grid__cell mdc-layout-grid__cell--span-12\">\n\t\t\t\n\t\t<div class=\"wpcf7-response-output\" aria-hidden=\"true\"><\/div><br \/>\n\t\t<\/div>\n\t\t\n\t<\/div>\n\t<div class=\"form-group col-md-12\">\n\t\t\t\t<div class=\"cf7md-item cf7md-submit mdc-layout-grid__cell mdc-layout-grid__cell--span-12\" data-button-style=\"raised\">\n\t\t\t<br \/>\n<input class=\"wpcf7-form-control wpcf7-submit has-spinner\" type=\"submit\" value=\"Senden\" \/><br \/>\n\t\t\t<svg class=\"cf7md-spinner\" width=\"25px\" height=\"25px\" viewBox=\"0 0 66 66\" xmlns=\"http:\/\/www.w3.org\/2000\/svg\">\n\t\t\t\t<circle class=\"cf7md-spinner-path\" fill=\"none\" stroke-width=\"6\" stroke-linecap=\"round\" cx=\"33\" cy=\"33\" r=\"30\"><\/circle>\n\t\t\t<\/svg>\n\t\t<\/div>\n\t\t\n\t<\/div>\n<\/div>\n\t\t\t\t\t\t\t\t\t<\/div>\n\t\t\t<\/div>\n\t\t<\/div>\n\t\t\n<\/p>\n<\/form>\n<\/div>\n\n<\/div>\n<\/div><\/div>\n","protected":false},"excerpt":{"rendered":"","protected":false},"author":1,"featured_media":0,"parent":0,"menu_order":88,"comment_status":"closed","ping_status":"closed","template":"templates\/template-fullwidth.php","meta":{"_acf_changed":false,"inline_featured_image":false,"footnotes":""},"class_list":["post-91227","page","type-page","status-publish","hentry"],"acf":[],"yoast_head":"<!-- This site is optimized with the Yoast SEO plugin v27.1.1 - https:\/\/yoast.com\/product\/yoast-seo-wordpress\/ -->\n<title>Miranza Mallorca | Augenklinik A - Miranza<\/title>\n<meta name=\"robots\" content=\"index, follow, max-snippet:-1, max-image-preview:large, max-video-preview:-1\" \/>\n<link rel=\"canonical\" href=\"https:\/\/miranza.es\/en\/miranza-mallorca-german\/\" \/>\n<meta property=\"og:locale\" content=\"en_US\" \/>\n<meta property=\"og:type\" content=\"article\" \/>\n<meta property=\"og:title\" content=\"Miranza Mallorca | Augenklinik A - Miranza\" \/>\n<meta property=\"og:url\" content=\"https:\/\/miranza.es\/en\/miranza-mallorca-german\/\" \/>\n<meta property=\"og:site_name\" content=\"Miranza\" \/>\n<meta property=\"article:publisher\" content=\"https:\/\/www.facebook.com\/GrupoMiranza\/\" \/>\n<meta property=\"article:modified_time\" content=\"2025-03-24T19:03:32+00:00\" \/>\n<meta property=\"og:image\" content=\"https:\/\/miranza.es\/wp-content\/uploads\/2023\/06\/mallorca-cabecera.jpg\" \/>\n\t<meta property=\"og:image:width\" content=\"1440\" \/>\n\t<meta property=\"og:image:height\" content=\"960\" \/>\n\t<meta property=\"og:image:type\" content=\"image\/jpeg\" \/>\n<meta name=\"twitter:card\" content=\"summary_large_image\" \/>\n<meta name=\"twitter:site\" content=\"@GrupoMiranza\" \/>\n<meta name=\"twitter:label1\" content=\"Est. reading time\" \/>\n\t<meta name=\"twitter:data1\" content=\"2 minutes\" \/>\n<script type=\"application\/ld+json\" class=\"yoast-schema-graph\">{\"@context\":\"https:\/\/schema.org\",\"@graph\":[{\"@type\":\"WebPage\",\"@id\":\"https:\/\/miranza.es\/en\/miranza-mallorca-german\/\",\"url\":\"https:\/\/miranza.es\/en\/miranza-mallorca-german\/\",\"name\":\"Miranza Mallorca | Augenklinik A - Miranza\",\"isPartOf\":{\"@id\":\"https:\/\/miranza.es\/en\/#website\"},\"primaryImageOfPage\":{\"@id\":\"https:\/\/miranza.es\/en\/miranza-mallorca-german\/#primaryimage\"},\"image\":{\"@id\":\"https:\/\/miranza.es\/en\/miranza-mallorca-german\/#primaryimage\"},\"thumbnailUrl\":\"https:\/\/miranza.es\/wp-content\/uploads\/2023\/06\/mallorca-cabecera-1024x683.jpg\",\"datePublished\":\"2023-06-12T13:29:57+00:00\",\"dateModified\":\"2025-03-24T19:03:32+00:00\",\"breadcrumb\":{\"@id\":\"https:\/\/miranza.es\/en\/miranza-mallorca-german\/#breadcrumb\"},\"inLanguage\":\"en-US\",\"potentialAction\":[{\"@type\":\"ReadAction\",\"target\":[\"https:\/\/miranza.es\/en\/miranza-mallorca-german\/\"]}]},{\"@type\":\"ImageObject\",\"inLanguage\":\"en-US\",\"@id\":\"https:\/\/miranza.es\/en\/miranza-mallorca-german\/#primaryimage\",\"url\":\"https:\/\/miranza.es\/wp-content\/uploads\/2023\/06\/mallorca-cabecera-1024x683.jpg\",\"contentUrl\":\"https:\/\/miranza.es\/wp-content\/uploads\/2023\/06\/mallorca-cabecera-1024x683.jpg\"},{\"@type\":\"BreadcrumbList\",\"@id\":\"https:\/\/miranza.es\/en\/miranza-mallorca-german\/#breadcrumb\",\"itemListElement\":[{\"@type\":\"ListItem\",\"position\":1,\"name\":\"Home\",\"item\":\"https:\/\/miranza.es\/en\/\"},{\"@type\":\"ListItem\",\"position\":2,\"name\":\"Miranza Mallorca | Augenklinik A\"}]},{\"@type\":\"WebSite\",\"@id\":\"https:\/\/miranza.es\/en\/#website\",\"url\":\"https:\/\/miranza.es\/en\/\",\"name\":\"Miranza\",\"description\":\"Somos tus centros de excelencia, especialistas en bienestar ocular. Estamos a tu lado, creando nuevos horizontes para seguir viendo.\",\"publisher\":{\"@id\":\"https:\/\/miranza.es\/en\/#organization\"},\"potentialAction\":[{\"@type\":\"SearchAction\",\"target\":{\"@type\":\"EntryPoint\",\"urlTemplate\":\"https:\/\/miranza.es\/en\/?s={search_term_string}\"},\"query-input\":{\"@type\":\"PropertyValueSpecification\",\"valueRequired\":true,\"valueName\":\"search_term_string\"}}],\"inLanguage\":\"en-US\"},{\"@type\":\"Organization\",\"@id\":\"https:\/\/miranza.es\/en\/#organization\",\"name\":\"Miranza\",\"url\":\"https:\/\/miranza.es\/en\/\",\"logo\":{\"@type\":\"ImageObject\",\"inLanguage\":\"en-US\",\"@id\":\"https:\/\/miranza.es\/en\/#\/schema\/logo\/image\/\",\"url\":\"https:\/\/miranza.es\/wp-content\/uploads\/2024\/04\/logo-miranza.jpg\",\"contentUrl\":\"https:\/\/miranza.es\/wp-content\/uploads\/2024\/04\/logo-miranza.jpg\",\"width\":600,\"height\":600,\"caption\":\"Miranza\"},\"image\":{\"@id\":\"https:\/\/miranza.es\/en\/#\/schema\/logo\/image\/\"},\"sameAs\":[\"https:\/\/www.facebook.com\/GrupoMiranza\/\",\"https:\/\/x.com\/GrupoMiranza\",\"https:\/\/www.instagram.com\/grupomiranza\/\",\"https:\/\/www.linkedin.com\/company\/grupomiranza\",\"https:\/\/www.youtube.com\/channel\/UCX2gEI-gOFCbPHZ7QSTkLYQ\/featured\"]}]}<\/script>\n<!-- \/ Yoast SEO plugin. -->","yoast_head_json":{"title":"Miranza Mallorca | Augenklinik A - Miranza","robots":{"index":"index","follow":"follow","max-snippet":"max-snippet:-1","max-image-preview":"max-image-preview:large","max-video-preview":"max-video-preview:-1"},"canonical":"https:\/\/miranza.es\/en\/miranza-mallorca-german\/","og_locale":"en_US","og_type":"article","og_title":"Miranza Mallorca | Augenklinik A - Miranza","og_url":"https:\/\/miranza.es\/en\/miranza-mallorca-german\/","og_site_name":"Miranza","article_publisher":"https:\/\/www.facebook.com\/GrupoMiranza\/","article_modified_time":"2025-03-24T19:03:32+00:00","og_image":[{"width":1440,"height":960,"url":"https:\/\/miranza.es\/wp-content\/uploads\/2023\/06\/mallorca-cabecera.jpg","type":"image\/jpeg"}],"twitter_card":"summary_large_image","twitter_site":"@GrupoMiranza","twitter_misc":{"Est. reading time":"2 minutes"},"schema":{"@context":"https:\/\/schema.org","@graph":[{"@type":"WebPage","@id":"https:\/\/miranza.es\/en\/miranza-mallorca-german\/","url":"https:\/\/miranza.es\/en\/miranza-mallorca-german\/","name":"Miranza Mallorca | Augenklinik A - Miranza","isPartOf":{"@id":"https:\/\/miranza.es\/en\/#website"},"primaryImageOfPage":{"@id":"https:\/\/miranza.es\/en\/miranza-mallorca-german\/#primaryimage"},"image":{"@id":"https:\/\/miranza.es\/en\/miranza-mallorca-german\/#primaryimage"},"thumbnailUrl":"https:\/\/miranza.es\/wp-content\/uploads\/2023\/06\/mallorca-cabecera-1024x683.jpg","datePublished":"2023-06-12T13:29:57+00:00","dateModified":"2025-03-24T19:03:32+00:00","breadcrumb":{"@id":"https:\/\/miranza.es\/en\/miranza-mallorca-german\/#breadcrumb"},"inLanguage":"en-US","potentialAction":[{"@type":"ReadAction","target":["https:\/\/miranza.es\/en\/miranza-mallorca-german\/"]}]},{"@type":"ImageObject","inLanguage":"en-US","@id":"https:\/\/miranza.es\/en\/miranza-mallorca-german\/#primaryimage","url":"https:\/\/miranza.es\/wp-content\/uploads\/2023\/06\/mallorca-cabecera-1024x683.jpg","contentUrl":"https:\/\/miranza.es\/wp-content\/uploads\/2023\/06\/mallorca-cabecera-1024x683.jpg"},{"@type":"BreadcrumbList","@id":"https:\/\/miranza.es\/en\/miranza-mallorca-german\/#breadcrumb","itemListElement":[{"@type":"ListItem","position":1,"name":"Home","item":"https:\/\/miranza.es\/en\/"},{"@type":"ListItem","position":2,"name":"Miranza Mallorca | Augenklinik A"}]},{"@type":"WebSite","@id":"https:\/\/miranza.es\/en\/#website","url":"https:\/\/miranza.es\/en\/","name":"Miranza","description":"Somos tus centros de excelencia, especialistas en bienestar ocular. Estamos a tu lado, creando nuevos horizontes para seguir viendo.","publisher":{"@id":"https:\/\/miranza.es\/en\/#organization"},"potentialAction":[{"@type":"SearchAction","target":{"@type":"EntryPoint","urlTemplate":"https:\/\/miranza.es\/en\/?s={search_term_string}"},"query-input":{"@type":"PropertyValueSpecification","valueRequired":true,"valueName":"search_term_string"}}],"inLanguage":"en-US"},{"@type":"Organization","@id":"https:\/\/miranza.es\/en\/#organization","name":"Miranza","url":"https:\/\/miranza.es\/en\/","logo":{"@type":"ImageObject","inLanguage":"en-US","@id":"https:\/\/miranza.es\/en\/#\/schema\/logo\/image\/","url":"https:\/\/miranza.es\/wp-content\/uploads\/2024\/04\/logo-miranza.jpg","contentUrl":"https:\/\/miranza.es\/wp-content\/uploads\/2024\/04\/logo-miranza.jpg","width":600,"height":600,"caption":"Miranza"},"image":{"@id":"https:\/\/miranza.es\/en\/#\/schema\/logo\/image\/"},"sameAs":["https:\/\/www.facebook.com\/GrupoMiranza\/","https:\/\/x.com\/GrupoMiranza","https:\/\/www.instagram.com\/grupomiranza\/","https:\/\/www.linkedin.com\/company\/grupomiranza","https:\/\/www.youtube.com\/channel\/UCX2gEI-gOFCbPHZ7QSTkLYQ\/featured"]}]}},"_links":{"self":[{"href":"https:\/\/miranza.es\/en\/wp-json\/wp\/v2\/pages\/91227","targetHints":{"allow":["GET"]}}],"collection":[{"href":"https:\/\/miranza.es\/en\/wp-json\/wp\/v2\/pages"}],"about":[{"href":"https:\/\/miranza.es\/en\/wp-json\/wp\/v2\/types\/page"}],"author":[{"embeddable":true,"href":"https:\/\/miranza.es\/en\/wp-json\/wp\/v2\/users\/1"}],"replies":[{"embeddable":true,"href":"https:\/\/miranza.es\/en\/wp-json\/wp\/v2\/comments?post=91227"}],"version-history":[{"count":9,"href":"https:\/\/miranza.es\/en\/wp-json\/wp\/v2\/pages\/91227\/revisions"}],"predecessor-version":[{"id":117583,"href":"https:\/\/miranza.es\/en\/wp-json\/wp\/v2\/pages\/91227\/revisions\/117583"}],"wp:attachment":[{"href":"https:\/\/miranza.es\/en\/wp-json\/wp\/v2\/media?parent=91227"}],"curies":[{"name":"wp","href":"https:\/\/api.w.org\/{rel}","templated":true}]}}