{"id":7052,"date":"2020-10-23T13:13:34","date_gmt":"2020-10-23T11:13:34","guid":{"rendered":"https:\/\/miranza.es\/consentimiento-informado\/"},"modified":"2024-05-02T08:59:10","modified_gmt":"2024-05-02T06:59:10","slug":"consentimiento-informado","status":"publish","type":"page","link":"https:\/\/miranza.es\/en\/consentimiento-informado\/","title":{"rendered":"Consentimiento informado: consulta oftalmol\u00f3gica no presencial por telemedicina"},"content":{"rendered":"\n<h2 class=\"wp-block-heading\">Informaci\u00f3n previa sobre la telemedicina:<\/h2>\n\n\n\n<p>La Organizaci\u00f3n Mundial de la Salud (OMS) define la Telemedicina como la provisi\u00f3n de servicios de salud en los cuales la distancia es un factor cr\u00edtico, donde los profesionales de la salud usan la tecnolog\u00eda de informaci\u00f3n y las comunicaciones (TICs) para el intercambio de informaci\u00f3n v\u00e1lida, para el diagn\u00f3stico, tratamiento y prevenci\u00f3n de enfermedades o da\u00f1os, as\u00ed como la formaci\u00f3n permanente de los profesionales de salud y en actividades de investigaci\u00f3n y evaluaci\u00f3n, con el fin de mejorar la salud de las personas y de la comunidad. La informaci\u00f3n puede usarse para orientaci\u00f3n, diagn\u00f3stico, seguimiento y \/ o educaci\u00f3n, y puede incluir cualquiera de las siguientes herramientas:<\/p>\n\n\n\n<ul class=\"wp-block-list\"><li>Registros m\u00e9dicos del paciente.<\/li><li>Im\u00e1genes m\u00e9dicas.<\/li><li>Audio y video bidireccional en vivo.<\/li><li>Datos de salida de dispositivos m\u00e9dicos y archivos de sonido y video.<\/li><\/ul>\n\n\n\n<p>Los sistemas electr\u00f3nicos utilizados incorporan protocolos de seguridad para proteger la confidencialidad en relaci\u00f3n con la identificaci\u00f3n del paciente, las im\u00e1genes y dem\u00e1s datos que puedan intercambiarse entre las partes e incluir\u00e1n medidas para salvaguardar los datos y garantizar su integridad de la informaci\u00f3n.<\/p>\n\n\n\n<p>El sistema telem\u00e1tico de consulta ofrece un mejor acceso a la atenci\u00f3n m\u00e9dica al permitir que un paciente permanezca en su ubicaci\u00f3n mientras el profesional y los equipos de salud brindan informaci\u00f3n desde un sitio distante.<\/p>\n\n\n\n<p>Adem\u00e1s, el servicio telem\u00e1tico de consulta, entre otras cosas, permite:<\/p>\n\n\n\n<ol class=\"wp-block-list\"><li>Limitar la propagaci\u00f3n de COVID-19 y otras enfermedades transmisibles.<\/li><li>Obtener la consulta de un m\u00e9dico especialista distante sin viajar.<\/li><li>Realizar evaluaciones m\u00e9dicas, as\u00ed como el manejo de pacientes que no pueden viajar.<\/li><\/ol>\n\n\n\n<h2 class=\"wp-block-heading\">Informaci\u00f3n sobre posibles riesgos<\/h2>\n\n\n\n<p>Atendiendo a que el servicio telem\u00e1tico de consulta consiste en una consulta no presencial, aunque no implica intervenci\u00f3n alguna, existen riesgos potenciales y asociados como con cualquier otro procedimiento m\u00e9dico. Estos riesgos incluyen, pero no se limitan a:<\/p>\n\n\n\n<ul class=\"wp-block-list\"><li>La insuficiencia de informaci\u00f3n transmitida por el paciente. Hecho que puede ser no suficiente para permitir la toma de decisiones m\u00e9dicas adecuadas. Por ejemplo, ciertos par\u00e1metros del examen ocular no se pueden probar de forma remota, como la presi\u00f3n ocular. Adem\u00e1s, puede haber una resoluci\u00f3n deficiente de las im\u00e1genes. Esto puede causar un retraso en la evaluaci\u00f3n m\u00e9dica y el tratamiento.<\/li><li>La posibilidad de fallos t\u00e9cnicos o humanos en los protocolos de seguridad, pudiendo causar una violaci\u00f3n de la privacidad de la informaci\u00f3n m\u00e9dica personal.<\/li><li>La posibilidad de interacciones adversas con los medicamentos o reacciones al\u00e9rgicas u otros errores m\u00e9dicos por la falta de acceso a los registros m\u00e9dicos completos del paciente.<\/li><\/ul>\n\n\n\n<p>Es importante hacer hincapi\u00e9 en que la consulta oftalmol\u00f3gica realizada a trav\u00e9s del servicio de telemedicina en ning\u00fan caso puede sustituir o equipararse a una consulta m\u00e9dica presencial.&nbsp;Por tanto, la garant\u00eda de resultado a trav\u00e9s de este servicio no puede garantizarse.<\/p>\n\n\n\n<h2 class=\"wp-block-heading\">Informaci\u00f3n sobre el tratamiento de datos personales<\/h2>\n\n\n\n<p>En virtud de lo dispuesto en los arts. 5, 6, 7, 12 y\/o 13 del del Reglamento (UE) 2016\/679 del Parlamento Europeo y del Consejo, de 27 de abril de 2016 (RGPD), as\u00ed como en el art. 11 de la Ley Org\u00e1nica 3\/2018, de 5 de diciembre, de Protecci\u00f3n de Datos Personales y garant\u00eda de los derechos digitales (LOPDGDD), se informa al interesado\/a que los datos facilitados a trav\u00e9s del presente y\/o aportados con motivo de la teleconsulta m\u00e9dica (incluida la imagen y sonido) ser\u00e1n utilizados por Miranza Inversiones Oftalmol\u00f3gicas, S.L.&nbsp; (en adelante \u2018el Centro\u2019) en base a la relaci\u00f3n contractual entre el\/la interesado\/a y el Centro con motivo del servicio de teleconsulta m\u00e9dica contratado y, en todo caso, reforzada adem\u00e1s por el consentimiento expl\u00edcito otorgado por el interesado\/a y\/o su representante legal.<\/p>\n\n\n\n<p>Los datos facilitados y\/u obtenidos con motivo del servicio de teleconsulta m\u00e9dica podr\u00e1n ser utilizados para las siguientes finalidades (* finalidad ii) optativa):<\/p>\n\n\n\n<ol class=\"wp-block-list\"><li>Prestaci\u00f3n de la mejor atenci\u00f3n sanitara posible del\/a paciente.<\/li><li>Fines de investigaci\u00f3n<\/li><\/ol>\n\n\n\n<p>Autorizo al tratamiento y la comunicaci\u00f3n de los datos para la finalidad de investigaci\u00f3n.<\/p>\n\n\n\n<p>Los datos podr\u00e1n ser comunicados a aquellos profesionales que intervengan en el servicio prestado (incluso otros profesionales ubicados en distintas geograf\u00edas o fuera del Estado espa\u00f1ol), en caso de aceptar la finalidad ii) a aquellos intervinientes en la investigaci\u00f3n o, finalmente, si existe alguna obligaci\u00f3n legal que as\u00ed lo establezca. Los datos ser\u00e1n conservados de acuerdo con lo establecido en la normativa y, en todo caso, hasta la prescripci\u00f3n de las acciones que se pudieran derivar. En caso de no autorizar el tratamiento y la comunicaci\u00f3n de los datos, no se podr\u00e1 llevar a cabo el servicio de teleconsulta mencionado. Si lo desea, puede contactar con nuestro Delegado de Protecci\u00f3n de Datos (DPD), revocar el consentimiento facilitado y\/o ejercitar sus derechos de acceso, rectificaci\u00f3n, supresi\u00f3n, oposici\u00f3n, limitaci\u00f3n del tratamiento y\/o portabilidad de los datos mediante correo electr\u00f3nico dirigido a la siguiente direcci\u00f3n:&nbsp;<a href=\"mailto:dpd.rgpd@miranza.es\">dpd.rgpd@miranza.es<\/a>&nbsp; &nbsp; En caso de que considere que se han vulnerado sus derechos tambi\u00e9n le asiste el derecho a presentar una reclamaci\u00f3n frente la autoridad de control competente.<\/p>\n\n\n\n<h2 class=\"wp-block-heading\">Consentimiento informado<\/h2>\n\n\n\n<p>De acuerdo con todo lo expuesto anteriormente declaro haber le\u00eddo o haber sido informado en relaci\u00f3n con el presente documento de consentimiento informado, siendo plenamente consciente del contenido y decidiendo libremente este sistema de atenci\u00f3n telem\u00e1tico frente al \u00fanico alternativo: la consulta m\u00e9dica presencial.<\/p>\n\n\n\n<p>Declaro haber sido informado expl\u00edcitamente y haber entendido los siguientes puntos:<\/p>\n\n\n\n<ol class=\"wp-block-list\"><li>Que el especialista encargado de llevar a cabo la atenci\u00f3n de la teleconsulta m\u00e9dica para tratar de alcanzar un diagn\u00f3stico de presunci\u00f3n y no forzosamente de certeca \u00fanicamente se podr\u00e1 guiar por mis explicaciones y\/o las im\u00e1genes (video-asistencia \/ fotograf\u00edas) que yo, como paciente, pueda proporcionarle. En este sentido, dadas las caracter\u00edsticas del sistema de consulta, el\/la profesional no podr\u00e1 realizar ninguna exploraci\u00f3n m\u00e9dico-oftalmol\u00f3gica, pudiendo ser el margen de error m\u00e1s elevado que en la consulta presencial.<\/li><li>En cualquier momento, incluso durante el transcurso de mi atenci\u00f3n, podr\u00e9 retirar mi consentimiento para el uso de la telemedicina sin que este hecho afecto atenciones futuras por la misma metodolog\u00eda.<\/li><\/ol>\n\n\n\n<p>Me doy por enterado de toda la informaci\u00f3n contenida en el presente documento as\u00ed de como todas aquellas cuestiones, dudas y preguntas planteadas a los profesionales del Centro en relaci\u00f3n tanto con el documento como del servicio de teleconsulta m\u00e9dica.<\/p>\n\n\n\n<p>Es por ello por lo que, declarando HABER SIDO INFORMADO otorgo mi CONSENTIMIENTO EXPL\u00cdCITO para recibir la consulta oftalmol\u00f3gica no presencial por telemedicina que solicito de Miranza Inversiones Oftalmol\u00f3gicas, S.L., prestada por el personal m\u00e9dico oftalmol\u00f3gico del mencionado centro a cuyo efecto formalizo y firmo el presente consentimiento consciente de las limitaciones y el alcance restrictivo que conlleva esta novedosa e innovadora forma de atenci\u00f3n, asumiendo que he rechazado el ofrecimiento de la asistencia presencial tradicional realizada en las dependencias&nbsp; del centro y considerando que el sistema de teleconsulta m\u00e9dico elegido me proporciona la informaci\u00f3n necesaria.<\/p>\n","protected":false},"excerpt":{"rendered":"<p>Informaci\u00f3n previa sobre la telemedicina: La Organizaci\u00f3n Mundial de la Salud (OMS) define la Telemedicina como la provisi\u00f3n de servicios de salud en los cuales la distancia es un factor cr\u00edtico, donde los profesionales de la salud usan la tecnolog\u00eda de informaci\u00f3n y las comunicaciones (TICs) para el intercambio de informaci\u00f3n v\u00e1lida, para el diagn\u00f3stico, [&hellip;]<\/p>\n","protected":false},"author":1,"featured_media":0,"parent":0,"menu_order":165,"comment_status":"closed","ping_status":"closed","template":"templates\/template-legal.php","meta":{"_acf_changed":false,"inline_featured_image":false,"footnotes":""},"class_list":["post-7052","page","type-page","status-publish","hentry"],"acf":[],"yoast_head":"<!-- This site is optimized with the Yoast SEO plugin v27.3 - https:\/\/yoast.com\/product\/yoast-seo-wordpress\/ -->\n<title>Consentimiento informado: consulta oftalmol\u00f3gica no presencial por telemedicina - Miranza<\/title>\n<meta name=\"robots\" content=\"noindex, follow\" \/>\n<meta property=\"og:locale\" content=\"en_US\" \/>\n<meta property=\"og:type\" content=\"article\" \/>\n<meta property=\"og:title\" content=\"Consentimiento informado: consulta oftalmol\u00f3gica no presencial por telemedicina - Miranza\" \/>\n<meta property=\"og:description\" content=\"Informaci\u00f3n previa sobre la telemedicina: La Organizaci\u00f3n Mundial de la Salud (OMS) define la Telemedicina como la provisi\u00f3n de servicios de salud en los cuales la distancia es un factor cr\u00edtico, donde los profesionales de la salud usan la tecnolog\u00eda de informaci\u00f3n y las comunicaciones (TICs) para el intercambio de informaci\u00f3n v\u00e1lida, para el diagn\u00f3stico, [&hellip;]\" \/>\n<meta property=\"og:url\" content=\"https:\/\/miranza.es\/en\/consentimiento-informado\/\" \/>\n<meta property=\"og:site_name\" content=\"Miranza\" \/>\n<meta property=\"article:publisher\" content=\"https:\/\/www.facebook.com\/GrupoMiranza\/\" \/>\n<meta property=\"article:modified_time\" content=\"2024-05-02T06:59:10+00:00\" \/>\n<meta property=\"og:image\" content=\"https:\/\/miranza.es\/wp-content\/uploads\/2020\/09\/miranza_landing.jpg\" \/>\n\t<meta property=\"og:image:width\" content=\"1000\" \/>\n\t<meta property=\"og:image:height\" content=\"667\" \/>\n\t<meta property=\"og:image:type\" content=\"image\/jpeg\" \/>\n<meta name=\"twitter:card\" content=\"summary_large_image\" \/>\n<meta name=\"twitter:site\" content=\"@GrupoMiranza\" \/>\n<meta name=\"twitter:label1\" content=\"Est. reading time\" \/>\n\t<meta name=\"twitter:data1\" content=\"5 minutes\" \/>\n<script type=\"application\/ld+json\" class=\"yoast-schema-graph\">{\"@context\":\"https:\\\/\\\/schema.org\",\"@graph\":[{\"@type\":\"WebPage\",\"@id\":\"https:\\\/\\\/miranza.es\\\/en\\\/consentimiento-informado\\\/\",\"url\":\"https:\\\/\\\/miranza.es\\\/en\\\/consentimiento-informado\\\/\",\"name\":\"Consentimiento informado: consulta oftalmol\u00f3gica no presencial por telemedicina - Miranza\",\"isPartOf\":{\"@id\":\"https:\\\/\\\/miranza.es\\\/en\\\/#website\"},\"datePublished\":\"2020-10-23T11:13:34+00:00\",\"dateModified\":\"2024-05-02T06:59:10+00:00\",\"breadcrumb\":{\"@id\":\"https:\\\/\\\/miranza.es\\\/en\\\/consentimiento-informado\\\/#breadcrumb\"},\"inLanguage\":\"en-US\",\"potentialAction\":[{\"@type\":\"ReadAction\",\"target\":[\"https:\\\/\\\/miranza.es\\\/en\\\/consentimiento-informado\\\/\"]}]},{\"@type\":\"BreadcrumbList\",\"@id\":\"https:\\\/\\\/miranza.es\\\/en\\\/consentimiento-informado\\\/#breadcrumb\",\"itemListElement\":[{\"@type\":\"ListItem\",\"position\":1,\"name\":\"Home\",\"item\":\"https:\\\/\\\/miranza.es\\\/en\\\/\"},{\"@type\":\"ListItem\",\"position\":2,\"name\":\"Consentimiento informado: consulta oftalmol\u00f3gica no presencial por telemedicina\"}]},{\"@type\":\"WebSite\",\"@id\":\"https:\\\/\\\/miranza.es\\\/en\\\/#website\",\"url\":\"https:\\\/\\\/miranza.es\\\/en\\\/\",\"name\":\"Miranza\",\"description\":\"Somos tus centros de excelencia, especialistas en bienestar ocular. Estamos a tu lado, creando nuevos horizontes para seguir viendo.\",\"publisher\":{\"@id\":\"https:\\\/\\\/miranza.es\\\/en\\\/#organization\"},\"potentialAction\":[{\"@type\":\"SearchAction\",\"target\":{\"@type\":\"EntryPoint\",\"urlTemplate\":\"https:\\\/\\\/miranza.es\\\/en\\\/?s={search_term_string}\"},\"query-input\":{\"@type\":\"PropertyValueSpecification\",\"valueRequired\":true,\"valueName\":\"search_term_string\"}}],\"inLanguage\":\"en-US\"},{\"@type\":\"Organization\",\"@id\":\"https:\\\/\\\/miranza.es\\\/en\\\/#organization\",\"name\":\"Miranza\",\"url\":\"https:\\\/\\\/miranza.es\\\/en\\\/\",\"logo\":{\"@type\":\"ImageObject\",\"inLanguage\":\"en-US\",\"@id\":\"https:\\\/\\\/miranza.es\\\/en\\\/#\\\/schema\\\/logo\\\/image\\\/\",\"url\":\"https:\\\/\\\/miranza.es\\\/wp-content\\\/uploads\\\/2024\\\/04\\\/logo-miranza.jpg\",\"contentUrl\":\"https:\\\/\\\/miranza.es\\\/wp-content\\\/uploads\\\/2024\\\/04\\\/logo-miranza.jpg\",\"width\":600,\"height\":600,\"caption\":\"Miranza\"},\"image\":{\"@id\":\"https:\\\/\\\/miranza.es\\\/en\\\/#\\\/schema\\\/logo\\\/image\\\/\"},\"sameAs\":[\"https:\\\/\\\/www.facebook.com\\\/GrupoMiranza\\\/\",\"https:\\\/\\\/x.com\\\/GrupoMiranza\",\"https:\\\/\\\/www.instagram.com\\\/grupomiranza\\\/\",\"https:\\\/\\\/www.linkedin.com\\\/company\\\/grupomiranza\",\"https:\\\/\\\/www.youtube.com\\\/channel\\\/UCX2gEI-gOFCbPHZ7QSTkLYQ\\\/featured\"]}]}<\/script>\n<!-- \/ Yoast SEO plugin. -->","yoast_head_json":{"title":"Consentimiento informado: consulta oftalmol\u00f3gica no presencial por telemedicina - Miranza","robots":{"index":"noindex","follow":"follow"},"og_locale":"en_US","og_type":"article","og_title":"Consentimiento informado: consulta oftalmol\u00f3gica no presencial por telemedicina - Miranza","og_description":"Informaci\u00f3n previa sobre la telemedicina: La Organizaci\u00f3n Mundial de la Salud (OMS) define la Telemedicina como la provisi\u00f3n de servicios de salud en los cuales la distancia es un factor cr\u00edtico, donde los profesionales de la salud usan la tecnolog\u00eda de informaci\u00f3n y las comunicaciones (TICs) para el intercambio de informaci\u00f3n v\u00e1lida, para el diagn\u00f3stico, [&hellip;]","og_url":"https:\/\/miranza.es\/en\/consentimiento-informado\/","og_site_name":"Miranza","article_publisher":"https:\/\/www.facebook.com\/GrupoMiranza\/","article_modified_time":"2024-05-02T06:59:10+00:00","og_image":[{"width":1000,"height":667,"url":"https:\/\/miranza.es\/wp-content\/uploads\/2020\/09\/miranza_landing.jpg","type":"image\/jpeg"}],"twitter_card":"summary_large_image","twitter_site":"@GrupoMiranza","twitter_misc":{"Est. reading time":"5 minutes"},"schema":{"@context":"https:\/\/schema.org","@graph":[{"@type":"WebPage","@id":"https:\/\/miranza.es\/en\/consentimiento-informado\/","url":"https:\/\/miranza.es\/en\/consentimiento-informado\/","name":"Consentimiento informado: consulta oftalmol\u00f3gica no presencial por telemedicina - Miranza","isPartOf":{"@id":"https:\/\/miranza.es\/en\/#website"},"datePublished":"2020-10-23T11:13:34+00:00","dateModified":"2024-05-02T06:59:10+00:00","breadcrumb":{"@id":"https:\/\/miranza.es\/en\/consentimiento-informado\/#breadcrumb"},"inLanguage":"en-US","potentialAction":[{"@type":"ReadAction","target":["https:\/\/miranza.es\/en\/consentimiento-informado\/"]}]},{"@type":"BreadcrumbList","@id":"https:\/\/miranza.es\/en\/consentimiento-informado\/#breadcrumb","itemListElement":[{"@type":"ListItem","position":1,"name":"Home","item":"https:\/\/miranza.es\/en\/"},{"@type":"ListItem","position":2,"name":"Consentimiento informado: consulta oftalmol\u00f3gica no presencial por telemedicina"}]},{"@type":"WebSite","@id":"https:\/\/miranza.es\/en\/#website","url":"https:\/\/miranza.es\/en\/","name":"Miranza","description":"Somos tus centros de excelencia, especialistas en bienestar ocular. Estamos a tu lado, creando nuevos horizontes para seguir viendo.","publisher":{"@id":"https:\/\/miranza.es\/en\/#organization"},"potentialAction":[{"@type":"SearchAction","target":{"@type":"EntryPoint","urlTemplate":"https:\/\/miranza.es\/en\/?s={search_term_string}"},"query-input":{"@type":"PropertyValueSpecification","valueRequired":true,"valueName":"search_term_string"}}],"inLanguage":"en-US"},{"@type":"Organization","@id":"https:\/\/miranza.es\/en\/#organization","name":"Miranza","url":"https:\/\/miranza.es\/en\/","logo":{"@type":"ImageObject","inLanguage":"en-US","@id":"https:\/\/miranza.es\/en\/#\/schema\/logo\/image\/","url":"https:\/\/miranza.es\/wp-content\/uploads\/2024\/04\/logo-miranza.jpg","contentUrl":"https:\/\/miranza.es\/wp-content\/uploads\/2024\/04\/logo-miranza.jpg","width":600,"height":600,"caption":"Miranza"},"image":{"@id":"https:\/\/miranza.es\/en\/#\/schema\/logo\/image\/"},"sameAs":["https:\/\/www.facebook.com\/GrupoMiranza\/","https:\/\/x.com\/GrupoMiranza","https:\/\/www.instagram.com\/grupomiranza\/","https:\/\/www.linkedin.com\/company\/grupomiranza","https:\/\/www.youtube.com\/channel\/UCX2gEI-gOFCbPHZ7QSTkLYQ\/featured"]}]}},"_links":{"self":[{"href":"https:\/\/miranza.es\/en\/wp-json\/wp\/v2\/pages\/7052","targetHints":{"allow":["GET"]}}],"collection":[{"href":"https:\/\/miranza.es\/en\/wp-json\/wp\/v2\/pages"}],"about":[{"href":"https:\/\/miranza.es\/en\/wp-json\/wp\/v2\/types\/page"}],"author":[{"embeddable":true,"href":"https:\/\/miranza.es\/en\/wp-json\/wp\/v2\/users\/1"}],"replies":[{"embeddable":true,"href":"https:\/\/miranza.es\/en\/wp-json\/wp\/v2\/comments?post=7052"}],"version-history":[{"count":2,"href":"https:\/\/miranza.es\/en\/wp-json\/wp\/v2\/pages\/7052\/revisions"}],"predecessor-version":[{"id":19358,"href":"https:\/\/miranza.es\/en\/wp-json\/wp\/v2\/pages\/7052\/revisions\/19358"}],"wp:attachment":[{"href":"https:\/\/miranza.es\/en\/wp-json\/wp\/v2\/media?parent=7052"}],"curies":[{"name":"wp","href":"https:\/\/api.w.org\/{rel}","templated":true}]}}