{"id":347549,"date":"2025-04-30T11:34:08","date_gmt":"2025-04-30T09:34:08","guid":{"rendered":"https:\/\/miranza.es\/miranza-bilbao\/"},"modified":"2026-03-31T13:46:54","modified_gmt":"2026-03-31T11:46:54","slug":"miranza-bilbao","status":"publish","type":"page","link":"https:\/\/miranza.es\/en\/miranza-bilbao\/","title":{"rendered":"Miranza Bilbao"},"content":{"rendered":"\n<div id=\"\" class=\"wp-block-hacce-wrapper py-70 d-md-none bgImagenCenter\" style=\"background-image:url(https:\/\/miranza.es\/wp-content\/uploads\/2025\/04\/revision_miranza.png)\">\n<p><\/p>\n<\/div>\n\n\n\n<div id=\"teleconsultaSolicitar\" class=\"wp-block-hacce-wrapper py-100 ocultar\" style=\"background-image:url(https:\/\/miranza.es\/wp-content\/uploads\/2025\/04\/revision_miranza.png)\"><div class=\"container\">\n<div class=\"wp-block-hacce-wrapper py-70\">\n<div class=\"wp-block-hacce-wrapper py-5\">\n<p><\/p>\n<\/div>\n<\/div>\n<\/div><\/div>\n\n\n\n<div class=\"wp-block-hacce-wrapper pb-5\" style=\"background-color:#ddece5\"><div class=\"container\">\n<div class=\"wp-block-hacce-wrapper row justify-content-center py-5\">\n<div class=\"wp-block-hacce-wrapper col-lg-9\">\n<h1 class=\"wp-block-heading has-text-align-center py-3 lh-3 h1\">Cl\u00ednicas Miranza en Bilbao<\/h1>\n\n\n\n<h3 class=\"wp-block-heading has-text-align-center\">Contamos con los mejores oftalm\u00f3logos<br>al servicio de tu salud ocular<\/h3>\n<\/div>\n<\/div>\n\n\n\n<div class=\"wp-block-group position-relative\"><div class=\"wp-block-group__inner-container is-layout-flow wp-block-group-is-layout-flow\">\n<div id=\"carrusel-cuadros-1\" class=\"wp-block-hacce-wrapper carrusel-cuadros\">\n<div class=\"wp-block-group item has-white-color has-text-color has-background\" style=\"background-color:#049882\"><div class=\"wp-block-group__inner-container is-layout-flow wp-block-group-is-layout-flow\">\n<h3 class=\"wp-block-heading\">1<\/h3>\n\n\n\n<p>M\u00e1s de 30 a\u00f1os de experiencia como referentes en la ciudad y \u00faltima tecnolog\u00eda para ofrecerte una oftalmolog\u00eda de calidad, segura y eficaz.<\/p>\n<\/div><\/div>\n\n\n\n<div class=\"wp-block-group item has-white-color has-text-color has-background\" style=\"background-color:#059ce3\"><div class=\"wp-block-group__inner-container is-layout-flow wp-block-group-is-layout-flow\">\n<h3 class=\"wp-block-heading\">2<\/h3>\n\n\n\n<p>Te atendemos de forma inmediata y cubrimos todas tus necesidades para garantizar el mejor servicio: diagn\u00f3stico, revisiones y cirug\u00eda, todo en el mismo centro y realizado por el mismo equipo profesional.<\/p>\n<\/div><\/div>\n\n\n\n<div class=\"wp-block-group item has-white-color has-text-color has-background\" style=\"background-color:#081804\"><div class=\"wp-block-group__inner-container is-layout-flow wp-block-group-is-layout-flow\">\n<h3 class=\"wp-block-heading\">3<\/h3>\n\n\n\n<p>Somos especialistas en cirug\u00eda refractiva personalizada con t\u00e9cnicas l\u00e1ser e implante de lentes intraoculares (ICL), as\u00ed como en cirug\u00eda del cristalino (catarata-presbicia) con lentes premium para libertarte de las gafas.<\/p>\n<\/div><\/div>\n\n\n\n<div class=\"wp-block-group item has-white-color has-text-color has-background\" style=\"background-color:#6bc989\"><div class=\"wp-block-group__inner-container is-layout-flow wp-block-group-is-layout-flow\">\n<h3 class=\"wp-block-heading\">4<\/h3>\n\n\n\n<p>Tambi\u00e9n somos expertos en retina, glaucoma, oftalmolog\u00eda pedi\u00e1trica, c\u00f3rnea, ojo seco y oculopl\u00e1stica, ofreci\u00e9ndote una atenci\u00f3n ocular 360\u00ba.<\/p>\n<\/div><\/div>\n\n\n\n<div class=\"wp-block-group item has-white-color has-text-color has-background\" style=\"background-color:#319882\"><div class=\"wp-block-group__inner-container is-layout-flow wp-block-group-is-layout-flow\">\n<h3 class=\"wp-block-heading\">5<\/h3>\n\n\n\n<p>Damos respuesta a tu problema ocular de forma \u00e1gil, para que puedas disfrutar sin esperas de las mejores soluciones. Adem\u00e1s, contamos con los principales seguros m\u00e9dicos y ofrecemos financiaci\u00f3n a medida.<\/p>\n<\/div><\/div>\n<\/div>\n\n\n\n<div class=\"carrusel_img_full-controls\">\n    <ul id=\"carrusel-cuadros-1-controls\" class=\"nav controls\" aria-label=\"Carousel Navigation\" tabindex=\"0\">\n        <li class=\"prev\" aria-controls=\"customize\" tabindex=\"-1\" data-controls=\"prev\">\n          <img decoding=\"async\" src=\"\/wp-content\/themes\/miranza\/images\/slider.svg\" width=\"30\" alt=\"Previous\">\n        <\/li>\n        <li class=\"next\" aria-controls=\"customize\" tabindex=\"-1\" data-controls=\"next\">\n          <img decoding=\"async\" src=\"\/wp-content\/themes\/miranza\/images\/slider.svg\" width=\"30\" alt=\"Next\">\n        <\/li>\n    <\/ul>\n<\/div>\n\n<div class=\"carrusel-cuadros\" id=\"carrusel-cuadros-1\">\n    <!-- Carousel items go here -->\n<\/div>\n<\/div><\/div>\n<\/div><\/div>\n\n\n\n<div class=\"wp-block-hacce-wrapper\" style=\"background-color:#04192d\"><div class=\"container\">\n<div style=\"height:60px\" aria-hidden=\"true\" class=\"wp-block-spacer\"><\/div>\n\n\n\n<h3 class=\"wp-block-heading has-text-align-center has-white-color has-text-color\">NO ESPERES M\u00c1S Y PON TUS OJOS EN LAS MEJORES MANOS<\/h3>\n\n\n\n<div style=\"height:60px\" aria-hidden=\"true\" class=\"wp-block-spacer\"><\/div>\n<\/div><\/div>\n\n\n\n<div id=\"\" class=\"wp-block-hacce-wrapper container-fluid py-4\">\n<div class=\"wp-block-columns mb-0 is-layout-flex wp-container-core-columns-is-layout-9d6595d7 wp-block-columns-is-layout-flex\">\n<div class=\"wp-block-column is-layout-flow wp-block-column-is-layout-flow\"><div class=\"wp-block-image my-2\">\n<figure class=\"aligncenter size-full\"><img loading=\"lazy\" decoding=\"async\" width=\"5472\" height=\"3648\" src=\"https:\/\/miranza.es\/wp-content\/uploads\/2025\/04\/miranza_cirugia.png\" alt=\"\" class=\"wp-image-239007\" srcset=\"https:\/\/miranza.es\/wp-content\/uploads\/2025\/04\/miranza_cirugia.png 5472w, https:\/\/miranza.es\/wp-content\/uploads\/2025\/04\/miranza_cirugia-300x200.png 300w, https:\/\/miranza.es\/wp-content\/uploads\/2025\/04\/miranza_cirugia-1024x683.png 1024w, https:\/\/miranza.es\/wp-content\/uploads\/2025\/04\/miranza_cirugia-768x512.png 768w, https:\/\/miranza.es\/wp-content\/uploads\/2025\/04\/miranza_cirugia-1536x1024.png 1536w, https:\/\/miranza.es\/wp-content\/uploads\/2025\/04\/miranza_cirugia-2048x1365.png 2048w\" sizes=\"auto, (max-width: 5472px) 100vw, 5472px\" \/><\/figure><\/div><\/div>\n\n\n\n<div class=\"wp-block-column is-layout-flow wp-block-column-is-layout-flow\"><div class=\"wp-block-image my-2\">\n<figure class=\"aligncenter size-full\"><img loading=\"lazy\" decoding=\"async\" width=\"2560\" height=\"1707\" src=\"https:\/\/miranza.es\/wp-content\/uploads\/2025\/04\/miranza_cirugia-scaled.jpg\" alt=\"\" class=\"wp-image-238999\" srcset=\"https:\/\/miranza.es\/wp-content\/uploads\/2025\/04\/miranza_cirugia-scaled.jpg 2560w, https:\/\/miranza.es\/wp-content\/uploads\/2025\/04\/miranza_cirugia-300x200.jpg 300w, https:\/\/miranza.es\/wp-content\/uploads\/2025\/04\/miranza_cirugia-1024x683.jpg 1024w, https:\/\/miranza.es\/wp-content\/uploads\/2025\/04\/miranza_cirugia-768x512.jpg 768w, https:\/\/miranza.es\/wp-content\/uploads\/2025\/04\/miranza_cirugia-1536x1024.jpg 1536w, https:\/\/miranza.es\/wp-content\/uploads\/2025\/04\/miranza_cirugia-2048x1365.jpg 2048w\" sizes=\"auto, (max-width: 2560px) 100vw, 2560px\" \/><\/figure><\/div><\/div>\n\n\n\n<div class=\"wp-block-column is-layout-flow wp-block-column-is-layout-flow\"><div class=\"wp-block-image my-2\">\n<figure class=\"aligncenter size-full\"><img loading=\"lazy\" decoding=\"async\" width=\"2560\" height=\"1707\" src=\"https:\/\/miranza.es\/wp-content\/uploads\/2025\/04\/miranza_exterior-scaled.jpg\" alt=\"\" class=\"wp-image-239002\" srcset=\"https:\/\/miranza.es\/wp-content\/uploads\/2025\/04\/miranza_exterior-scaled.jpg 2560w, https:\/\/miranza.es\/wp-content\/uploads\/2025\/04\/miranza_exterior-300x200.jpg 300w, https:\/\/miranza.es\/wp-content\/uploads\/2025\/04\/miranza_exterior-1024x683.jpg 1024w, https:\/\/miranza.es\/wp-content\/uploads\/2025\/04\/miranza_exterior-768x512.jpg 768w, https:\/\/miranza.es\/wp-content\/uploads\/2025\/04\/miranza_exterior-1536x1024.jpg 1536w, https:\/\/miranza.es\/wp-content\/uploads\/2025\/04\/miranza_exterior-2048x1365.jpg 2048w\" sizes=\"auto, (max-width: 2560px) 100vw, 2560px\" \/><\/figure><\/div><\/div>\n<\/div>\n<\/div>\n\n\n\n<div class=\"wp-block-hacce-wrapper margenlateral\"><div class=\"container\">\n<p>\u00bfEn qu\u00e9 estado se encuentra tu visi\u00f3n? \u00bfTienes factores de riesgo que desconoces? \u00bfHay alguna se\u00f1al de alerta de la que no te has dado cuenta? Las revisiones oculares peri\u00f3dicas son tus mejores aliadas para mantener una buena visi\u00f3n y calidad de vida a lo largo de los a\u00f1os. \u00a1Reserva tu cita!<\/p>\n<\/div><\/div>\n\n\n\n<div class=\"wp-block-hacce-wrapper my-4\"><div class=\"container\">\n<div class=\"wp-block-hacce-wrapper row justify-content-center\">\n<div class=\"wp-block-hacce-wrapper col-lg-9 has-white-color\">\n<h2 class=\"wp-block-heading has-text-align-center py-3 lh-3 h1\"><mark style=\"background-color:rgba(0, 0, 0, 0);color:#73cf91\" class=\"has-inline-color\">Nos encontrar\u00e1s aqu\u00ed<\/mark><\/h2>\n<\/div>\n<\/div>\n<\/div><\/div>\n\n\n\n<p><\/p>\n","protected":false},"excerpt":{"rendered":"","protected":false},"author":1,"featured_media":0,"parent":0,"menu_order":87,"comment_status":"closed","ping_status":"closed","template":"templates\/template-clinicas-general.php","meta":{"_acf_changed":false,"inline_featured_image":false,"footnotes":""},"class_list":["post-347549","page","type-page","status-publish","hentry"],"acf":[],"yoast_head":"<!-- This site is optimized with the Yoast SEO plugin v27.1.1 - https:\/\/yoast.com\/product\/yoast-seo-wordpress\/ -->\n<title>Miranza Bilbao - Miranza<\/title>\n<meta name=\"robots\" content=\"index, follow, max-snippet:-1, max-image-preview:large, max-video-preview:-1\" \/>\n<link rel=\"canonical\" href=\"https:\/\/miranza.es\/en\/miranza-bilbao\/\" \/>\n<meta property=\"og:locale\" content=\"en_US\" \/>\n<meta property=\"og:type\" content=\"article\" \/>\n<meta property=\"og:title\" content=\"Miranza Bilbao - Miranza\" \/>\n<meta property=\"og:url\" content=\"https:\/\/miranza.es\/en\/miranza-bilbao\/\" \/>\n<meta property=\"og:site_name\" content=\"Miranza\" \/>\n<meta property=\"article:publisher\" content=\"https:\/\/www.facebook.com\/GrupoMiranza\/\" \/>\n<meta property=\"article:modified_time\" content=\"2026-03-31T11:46:54+00:00\" \/>\n<meta property=\"og:image\" content=\"https:\/\/miranza.es\/wp-content\/uploads\/2025\/04\/miranza_cirugia.png\" \/>\n<meta name=\"twitter:card\" content=\"summary_large_image\" \/>\n<meta name=\"twitter:site\" content=\"@GrupoMiranza\" \/>\n<meta name=\"twitter:label1\" content=\"Est. reading time\" \/>\n\t<meta name=\"twitter:data1\" content=\"1 minute\" \/>\n<script type=\"application\/ld+json\" class=\"yoast-schema-graph\">{\"@context\":\"https:\/\/schema.org\",\"@graph\":[{\"@type\":\"WebPage\",\"@id\":\"https:\/\/miranza.es\/en\/miranza-bilbao\/\",\"url\":\"https:\/\/miranza.es\/en\/miranza-bilbao\/\",\"name\":\"Miranza Bilbao - Miranza\",\"isPartOf\":{\"@id\":\"https:\/\/miranza.es\/en\/#website\"},\"primaryImageOfPage\":{\"@id\":\"https:\/\/miranza.es\/en\/miranza-bilbao\/#primaryimage\"},\"image\":{\"@id\":\"https:\/\/miranza.es\/en\/miranza-bilbao\/#primaryimage\"},\"thumbnailUrl\":\"https:\/\/miranza.es\/wp-content\/uploads\/2025\/04\/miranza_cirugia.png\",\"datePublished\":\"2025-04-30T09:34:08+00:00\",\"dateModified\":\"2026-03-31T11:46:54+00:00\",\"breadcrumb\":{\"@id\":\"https:\/\/miranza.es\/en\/miranza-bilbao\/#breadcrumb\"},\"inLanguage\":\"en-US\",\"potentialAction\":[{\"@type\":\"ReadAction\",\"target\":[\"https:\/\/miranza.es\/en\/miranza-bilbao\/\"]}]},{\"@type\":\"ImageObject\",\"inLanguage\":\"en-US\",\"@id\":\"https:\/\/miranza.es\/en\/miranza-bilbao\/#primaryimage\",\"url\":\"https:\/\/miranza.es\/wp-content\/uploads\/2025\/04\/miranza_cirugia.png\",\"contentUrl\":\"https:\/\/miranza.es\/wp-content\/uploads\/2025\/04\/miranza_cirugia.png\"},{\"@type\":\"BreadcrumbList\",\"@id\":\"https:\/\/miranza.es\/en\/miranza-bilbao\/#breadcrumb\",\"itemListElement\":[{\"@type\":\"ListItem\",\"position\":1,\"name\":\"Home\",\"item\":\"https:\/\/miranza.es\/en\/\"},{\"@type\":\"ListItem\",\"position\":2,\"name\":\"Miranza Bilbao\"}]},{\"@type\":\"WebSite\",\"@id\":\"https:\/\/miranza.es\/en\/#website\",\"url\":\"https:\/\/miranza.es\/en\/\",\"name\":\"Miranza\",\"description\":\"Somos tus centros de excelencia, especialistas en bienestar ocular. Estamos a tu lado, creando nuevos horizontes para seguir viendo.\",\"publisher\":{\"@id\":\"https:\/\/miranza.es\/en\/#organization\"},\"potentialAction\":[{\"@type\":\"SearchAction\",\"target\":{\"@type\":\"EntryPoint\",\"urlTemplate\":\"https:\/\/miranza.es\/en\/?s={search_term_string}\"},\"query-input\":{\"@type\":\"PropertyValueSpecification\",\"valueRequired\":true,\"valueName\":\"search_term_string\"}}],\"inLanguage\":\"en-US\"},{\"@type\":\"Organization\",\"@id\":\"https:\/\/miranza.es\/en\/#organization\",\"name\":\"Miranza\",\"url\":\"https:\/\/miranza.es\/en\/\",\"logo\":{\"@type\":\"ImageObject\",\"inLanguage\":\"en-US\",\"@id\":\"https:\/\/miranza.es\/en\/#\/schema\/logo\/image\/\",\"url\":\"https:\/\/miranza.es\/wp-content\/uploads\/2024\/04\/logo-miranza.jpg\",\"contentUrl\":\"https:\/\/miranza.es\/wp-content\/uploads\/2024\/04\/logo-miranza.jpg\",\"width\":600,\"height\":600,\"caption\":\"Miranza\"},\"image\":{\"@id\":\"https:\/\/miranza.es\/en\/#\/schema\/logo\/image\/\"},\"sameAs\":[\"https:\/\/www.facebook.com\/GrupoMiranza\/\",\"https:\/\/x.com\/GrupoMiranza\",\"https:\/\/www.instagram.com\/grupomiranza\/\",\"https:\/\/www.linkedin.com\/company\/grupomiranza\",\"https:\/\/www.youtube.com\/channel\/UCX2gEI-gOFCbPHZ7QSTkLYQ\/featured\"]}]}<\/script>\n<!-- \/ Yoast SEO plugin. -->","yoast_head_json":{"title":"Miranza Bilbao - Miranza","robots":{"index":"index","follow":"follow","max-snippet":"max-snippet:-1","max-image-preview":"max-image-preview:large","max-video-preview":"max-video-preview:-1"},"canonical":"https:\/\/miranza.es\/en\/miranza-bilbao\/","og_locale":"en_US","og_type":"article","og_title":"Miranza Bilbao - Miranza","og_url":"https:\/\/miranza.es\/en\/miranza-bilbao\/","og_site_name":"Miranza","article_publisher":"https:\/\/www.facebook.com\/GrupoMiranza\/","article_modified_time":"2026-03-31T11:46:54+00:00","og_image":[{"url":"https:\/\/miranza.es\/wp-content\/uploads\/2025\/04\/miranza_cirugia.png","type":"","width":"","height":""}],"twitter_card":"summary_large_image","twitter_site":"@GrupoMiranza","twitter_misc":{"Est. reading time":"1 minute"},"schema":{"@context":"https:\/\/schema.org","@graph":[{"@type":"WebPage","@id":"https:\/\/miranza.es\/en\/miranza-bilbao\/","url":"https:\/\/miranza.es\/en\/miranza-bilbao\/","name":"Miranza Bilbao - Miranza","isPartOf":{"@id":"https:\/\/miranza.es\/en\/#website"},"primaryImageOfPage":{"@id":"https:\/\/miranza.es\/en\/miranza-bilbao\/#primaryimage"},"image":{"@id":"https:\/\/miranza.es\/en\/miranza-bilbao\/#primaryimage"},"thumbnailUrl":"https:\/\/miranza.es\/wp-content\/uploads\/2025\/04\/miranza_cirugia.png","datePublished":"2025-04-30T09:34:08+00:00","dateModified":"2026-03-31T11:46:54+00:00","breadcrumb":{"@id":"https:\/\/miranza.es\/en\/miranza-bilbao\/#breadcrumb"},"inLanguage":"en-US","potentialAction":[{"@type":"ReadAction","target":["https:\/\/miranza.es\/en\/miranza-bilbao\/"]}]},{"@type":"ImageObject","inLanguage":"en-US","@id":"https:\/\/miranza.es\/en\/miranza-bilbao\/#primaryimage","url":"https:\/\/miranza.es\/wp-content\/uploads\/2025\/04\/miranza_cirugia.png","contentUrl":"https:\/\/miranza.es\/wp-content\/uploads\/2025\/04\/miranza_cirugia.png"},{"@type":"BreadcrumbList","@id":"https:\/\/miranza.es\/en\/miranza-bilbao\/#breadcrumb","itemListElement":[{"@type":"ListItem","position":1,"name":"Home","item":"https:\/\/miranza.es\/en\/"},{"@type":"ListItem","position":2,"name":"Miranza Bilbao"}]},{"@type":"WebSite","@id":"https:\/\/miranza.es\/en\/#website","url":"https:\/\/miranza.es\/en\/","name":"Miranza","description":"Somos tus centros de excelencia, especialistas en bienestar ocular. Estamos a tu lado, creando nuevos horizontes para seguir viendo.","publisher":{"@id":"https:\/\/miranza.es\/en\/#organization"},"potentialAction":[{"@type":"SearchAction","target":{"@type":"EntryPoint","urlTemplate":"https:\/\/miranza.es\/en\/?s={search_term_string}"},"query-input":{"@type":"PropertyValueSpecification","valueRequired":true,"valueName":"search_term_string"}}],"inLanguage":"en-US"},{"@type":"Organization","@id":"https:\/\/miranza.es\/en\/#organization","name":"Miranza","url":"https:\/\/miranza.es\/en\/","logo":{"@type":"ImageObject","inLanguage":"en-US","@id":"https:\/\/miranza.es\/en\/#\/schema\/logo\/image\/","url":"https:\/\/miranza.es\/wp-content\/uploads\/2024\/04\/logo-miranza.jpg","contentUrl":"https:\/\/miranza.es\/wp-content\/uploads\/2024\/04\/logo-miranza.jpg","width":600,"height":600,"caption":"Miranza"},"image":{"@id":"https:\/\/miranza.es\/en\/#\/schema\/logo\/image\/"},"sameAs":["https:\/\/www.facebook.com\/GrupoMiranza\/","https:\/\/x.com\/GrupoMiranza","https:\/\/www.instagram.com\/grupomiranza\/","https:\/\/www.linkedin.com\/company\/grupomiranza","https:\/\/www.youtube.com\/channel\/UCX2gEI-gOFCbPHZ7QSTkLYQ\/featured"]}]}},"_links":{"self":[{"href":"https:\/\/miranza.es\/en\/wp-json\/wp\/v2\/pages\/347549","targetHints":{"allow":["GET"]}}],"collection":[{"href":"https:\/\/miranza.es\/en\/wp-json\/wp\/v2\/pages"}],"about":[{"href":"https:\/\/miranza.es\/en\/wp-json\/wp\/v2\/types\/page"}],"author":[{"embeddable":true,"href":"https:\/\/miranza.es\/en\/wp-json\/wp\/v2\/users\/1"}],"replies":[{"embeddable":true,"href":"https:\/\/miranza.es\/en\/wp-json\/wp\/v2\/comments?post=347549"}],"version-history":[{"count":1,"href":"https:\/\/miranza.es\/en\/wp-json\/wp\/v2\/pages\/347549\/revisions"}],"predecessor-version":[{"id":351131,"href":"https:\/\/miranza.es\/en\/wp-json\/wp\/v2\/pages\/347549\/revisions\/351131"}],"wp:attachment":[{"href":"https:\/\/miranza.es\/en\/wp-json\/wp\/v2\/media?parent=347549"}],"curies":[{"name":"wp","href":"https:\/\/api.w.org\/{rel}","templated":true}]}}